{"id":68,"date":"2021-05-31T08:19:17","date_gmt":"2021-05-31T08:19:17","guid":{"rendered":"https:\/\/szallashelypecs.hu\/?page_id=68"},"modified":"2021-07-14T07:08:21","modified_gmt":"2021-07-14T07:08:21","slug":"elementor-68","status":"publish","type":"page","link":"https:\/\/szallashelypecs.hu\/","title":{"rendered":"C\u00edmlap"},"content":{"rendered":"\t\t<div data-elementor-type=\"wp-post\" data-elementor-id=\"68\" class=\"elementor elementor-68\" data-elementor-settings=\"[]\">\n\t\t\t\t\t\t\t<div class=\"elementor-section-wrap\">\n\t\t\t\t\t\t\t<section class=\"elementor-section elementor-top-section elementor-element elementor-element-9ea24df elementor-section-boxed elementor-section-height-default elementor-section-height-default\" data-id=\"9ea24df\" data-element_type=\"section\">\n\t\t\t\t\t\t<div class=\"elementor-container elementor-column-gap-default\">\n\t\t\t\t\t<div class=\"elementor-column elementor-col-100 elementor-top-column elementor-element elementor-element-9b293b7\" data-id=\"9b293b7\" data-element_type=\"column\">\n\t\t\t<div class=\"elementor-widget-wrap elementor-element-populated\">\n\t\t\t\t\t\t\t\t<div class=\"elementor-element elementor-element-d5d1b38 elementor-widget elementor-widget-text-editor\" data-id=\"d5d1b38\" data-element_type=\"widget\" data-widget_type=\"text-editor.default\">\n\t\t\t\t<div class=\"elementor-widget-container\">\n\t\t\t\t\t\t\t\t<p>Kedves P\u00e9csre l\u00e1togat\u00f3k!<\/p><p>\u00a0<\/p><p>K\u00e9t k\u00e9nyelmes p\u00e9csi sz\u00e1ll\u00e1shelyet k\u00edn\u00e1lunk. K\u00e9rj\u00fck, kattintson a k\u00e9pekre a r\u00e9szletes inform\u00e1ci\u00f3k \u00e9s a foglal\u00e1s \u00e9rdek\u00e9ben.<\/p>\t\t\t\t\t\t<\/div>\n\t\t\t\t<\/div>\n\t\t\t\t\t<\/div>\n\t\t<\/div>\n\t\t\t\t\t\t\t<\/div>\n\t\t<\/section>\n\t\t\t\t<section class=\"elementor-section elementor-top-section elementor-element elementor-element-5ebe4fd elementor-section-boxed elementor-section-height-default elementor-section-height-default\" data-id=\"5ebe4fd\" data-element_type=\"section\">\n\t\t\t\t\t\t<div class=\"elementor-container elementor-column-gap-default\">\n\t\t\t\t\t<div class=\"elementor-column elementor-col-50 elementor-top-column elementor-element elementor-element-87c2b21\" data-id=\"87c2b21\" data-element_type=\"column\">\n\t\t\t<div class=\"elementor-widget-wrap elementor-element-populated\">\n\t\t\t\t\t\t\t\t<div class=\"elementor-element elementor-element-85d6093 elementor-widget elementor-widget-image\" data-id=\"85d6093\" data-element_type=\"widget\" data-widget_type=\"image.default\">\n\t\t\t\t<div class=\"elementor-widget-container\">\n\t\t\t\t\t\t\t\t\t\t\t\t<figure class=\"wp-caption\">\n\t\t\t\t\t\t\t\t\t\t\t<a href=\"https:\/\/korosiapartmanpecs.hu\/\" target=\"_blank\">\n\t\t\t\t\t\t\t<img loading=\"lazy\" decoding=\"async\" width=\"640\" height=\"425\" src=\"https:\/\/szallashelypecs.hu\/wp-content\/uploads\/2021\/07\/nappali-1024x680.jpg\" class=\"attachment-large size-large\" alt=\"K\u0151r\u00f6si Apartman P\u00e9cs K\u0151r\u00f6si Csoma S\u00e1ndor utca 10\/B (4 f\u0151nek)\" srcset=\"https:\/\/szallashelypecs.hu\/wp-content\/uploads\/2021\/07\/nappali-1024x680.jpg 1024w, https:\/\/szallashelypecs.hu\/wp-content\/uploads\/2021\/07\/nappali-300x199.jpg 300w, https:\/\/szallashelypecs.hu\/wp-content\/uploads\/2021\/07\/nappali-768x510.jpg 768w, https:\/\/szallashelypecs.hu\/wp-content\/uploads\/2021\/07\/nappali-1536x1020.jpg 1536w, https:\/\/szallashelypecs.hu\/wp-content\/uploads\/2021\/07\/nappali-2048x1360.jpg 2048w\" sizes=\"auto, (max-width: 640px) 100vw, 640px\" \/>\t\t\t\t\t\t\t\t<\/a>\n\t\t\t\t\t\t\t\t\t\t\t<figcaption class=\"widget-image-caption wp-caption-text\">K\u0151r\u00f6si Apartman P\u00e9cs K\u0151r\u00f6si Csoma S\u00e1ndor utca 10\/B (4 f\u0151nek)<\/figcaption>\n\t\t\t\t\t\t\t\t\t\t<\/figure>\n\t\t\t\t\t\t\t\t\t<\/div>\n\t\t\t\t<\/div>\n\t\t\t\t<div class=\"elementor-element elementor-element-1808e59 elementor-widget elementor-widget-image\" data-id=\"1808e59\" data-element_type=\"widget\" data-widget_type=\"image.default\">\n\t\t\t\t<div class=\"elementor-widget-container\">\n\t\t\t\t\t\t\t\t\t\t\t\t<figure class=\"wp-caption\">\n\t\t\t\t\t\t\t\t\t\t\t<a href=\"https:\/\/korosiapartmanpecs.hu\/\" target=\"_blank\">\n\t\t\t\t\t\t\t<img loading=\"lazy\" decoding=\"async\" width=\"640\" height=\"426\" src=\"https:\/\/szallashelypecs.hu\/wp-content\/uploads\/2021\/07\/erkely-1024x681.jpg\" class=\"attachment-large size-large\" alt=\"\" srcset=\"https:\/\/szallashelypecs.hu\/wp-content\/uploads\/2021\/07\/erkely-1024x681.jpg 1024w, https:\/\/szallashelypecs.hu\/wp-content\/uploads\/2021\/07\/erkely-300x200.jpg 300w, https:\/\/szallashelypecs.hu\/wp-content\/uploads\/2021\/07\/erkely-768x511.jpg 768w, https:\/\/szallashelypecs.hu\/wp-content\/uploads\/2021\/07\/erkely-1536x1022.jpg 1536w, https:\/\/szallashelypecs.hu\/wp-content\/uploads\/2021\/07\/erkely-2048x1363.jpg 2048w\" sizes=\"auto, (max-width: 640px) 100vw, 640px\" \/>\t\t\t\t\t\t\t\t<\/a>\n\t\t\t\t\t\t\t\t\t\t\t<figcaption class=\"widget-image-caption wp-caption-text\">K\u0151r\u00f6si Apartman P\u00e9cs K\u0151r\u00f6si Csoma S\u00e1ndor utca 10\/B (4 f\u0151nek)<\/figcaption>\n\t\t\t\t\t\t\t\t\t\t<\/figure>\n\t\t\t\t\t\t\t\t\t<\/div>\n\t\t\t\t<\/div>\n\t\t\t\t\t<\/div>\n\t\t<\/div>\n\t\t\t\t<div class=\"elementor-column elementor-col-50 elementor-top-column elementor-element elementor-element-8e23fa4\" data-id=\"8e23fa4\" data-element_type=\"column\">\n\t\t\t<div class=\"elementor-widget-wrap elementor-element-populated\">\n\t\t\t\t\t\t\t\t<div class=\"elementor-element elementor-element-c0dfa98 elementor-widget elementor-widget-image\" data-id=\"c0dfa98\" data-element_type=\"widget\" data-widget_type=\"image.default\">\n\t\t\t\t<div class=\"elementor-widget-container\">\n\t\t\t\t\t\t\t\t\t\t\t\t<figure class=\"wp-caption\">\n\t\t\t\t\t\t\t\t\t\t\t<a href=\"https:\/\/nyusziful.hu\/\" target=\"_blank\">\n\t\t\t\t\t\t\t<img loading=\"lazy\" decoding=\"async\" width=\"640\" height=\"360\" src=\"https:\/\/szallashelypecs.hu\/wp-content\/uploads\/2021\/07\/DSC_0907-1024x576.jpg\" class=\"attachment-large size-large\" alt=\"Nyuszif\u00fcl Apartman P\u00e9cs Kiss Ern\u0151 utca 17. (2 f\u0151nek)\" srcset=\"https:\/\/szallashelypecs.hu\/wp-content\/uploads\/2021\/07\/DSC_0907-1024x576.jpg 1024w, https:\/\/szallashelypecs.hu\/wp-content\/uploads\/2021\/07\/DSC_0907-300x169.jpg 300w, https:\/\/szallashelypecs.hu\/wp-content\/uploads\/2021\/07\/DSC_0907-768x432.jpg 768w, https:\/\/szallashelypecs.hu\/wp-content\/uploads\/2021\/07\/DSC_0907-1536x864.jpg 1536w, https:\/\/szallashelypecs.hu\/wp-content\/uploads\/2021\/07\/DSC_0907-2048x1152.jpg 2048w\" sizes=\"auto, (max-width: 640px) 100vw, 640px\" \/>\t\t\t\t\t\t\t\t<\/a>\n\t\t\t\t\t\t\t\t\t\t\t<figcaption class=\"widget-image-caption wp-caption-text\">Nyuszif\u00fcl Apartman P\u00e9cs Kiss Ern\u0151 utca 17. (2 f\u0151nek)<\/figcaption>\n\t\t\t\t\t\t\t\t\t\t<\/figure>\n\t\t\t\t\t\t\t\t\t<\/div>\n\t\t\t\t<\/div>\n\t\t\t\t<div class=\"elementor-element elementor-element-1b36582 elementor-widget elementor-widget-image\" data-id=\"1b36582\" data-element_type=\"widget\" data-widget_type=\"image.default\">\n\t\t\t\t<div class=\"elementor-widget-container\">\n\t\t\t\t\t\t\t\t\t\t\t\t<figure class=\"wp-caption\">\n\t\t\t\t\t\t\t\t\t\t\t<a href=\"https:\/\/nyusziful.hu\" target=\"_blank\">\n\t\t\t\t\t\t\t<img loading=\"lazy\" decoding=\"async\" width=\"640\" height=\"360\" src=\"https:\/\/szallashelypecs.hu\/wp-content\/uploads\/2021\/05\/Nyusziful-1024x576.jpg\" class=\"attachment-large size-large\" alt=\"Nyuszif\u00fcl Apartman P\u00e9cs Kiss Ern\u0151 utca 17. (2 f\u0151nek)\" srcset=\"https:\/\/szallashelypecs.hu\/wp-content\/uploads\/2021\/05\/Nyusziful-1024x576.jpg 1024w, https:\/\/szallashelypecs.hu\/wp-content\/uploads\/2021\/05\/Nyusziful-300x169.jpg 300w, https:\/\/szallashelypecs.hu\/wp-content\/uploads\/2021\/05\/Nyusziful-768x432.jpg 768w, https:\/\/szallashelypecs.hu\/wp-content\/uploads\/2021\/05\/Nyusziful.jpg 1080w\" sizes=\"auto, (max-width: 640px) 100vw, 640px\" \/>\t\t\t\t\t\t\t\t<\/a>\n\t\t\t\t\t\t\t\t\t\t\t<figcaption class=\"widget-image-caption wp-caption-text\">Nyuszif\u00fcl Apartman P\u00e9cs Kiss Ern\u0151 utca 17 (2 f\u0151nek)<\/figcaption>\n\t\t\t\t\t\t\t\t\t\t<\/figure>\n\t\t\t\t\t\t\t\t\t<\/div>\n\t\t\t\t<\/div>\n\t\t\t\t\t<\/div>\n\t\t<\/div>\n\t\t\t\t\t\t\t<\/div>\n\t\t<\/section>\n\t\t\t\t<section class=\"elementor-section elementor-top-section elementor-element elementor-element-8ad887b elementor-section-boxed elementor-section-height-default elementor-section-height-default\" data-id=\"8ad887b\" data-element_type=\"section\">\n\t\t\t\t\t\t<div class=\"elementor-container elementor-column-gap-default\">\n\t\t\t\t\t\t\t\t<\/div>\n\t\t<\/section>\n\t\t\t\t\t\t<\/div>\n\t\t\t\t\t<\/div>\n\t\t","protected":false},"excerpt":{"rendered":"<p>Kedves P\u00e9csre l\u00e1togat\u00f3k! \u00a0 K\u00e9t k\u00e9nyelmes p\u00e9csi sz\u00e1ll\u00e1shelyet k\u00edn\u00e1lunk. K\u00e9rj\u00fck, kattintson a k\u00e9pekre a r\u00e9szletes inform\u00e1ci\u00f3k \u00e9s a foglal\u00e1s \u00e9rdek\u00e9ben. K\u0151r\u00f6si Apartman P\u00e9cs K\u0151r\u00f6si Csoma S\u00e1ndor utca 10\/B (4 f\u0151nek) K\u0151r\u00f6si Apartman P\u00e9cs K\u0151r\u00f6si Csoma S\u00e1ndor utca 10\/B (4 f\u0151nek) Nyuszif\u00fcl Apartman P\u00e9cs Kiss Ern\u0151 utca 17. (2 f\u0151nek) Nyuszif\u00fcl Apartman P\u00e9cs Kiss Ern\u0151 utca [&hellip;]<\/p>\n","protected":false},"author":1,"featured_media":0,"parent":0,"menu_order":0,"comment_status":"closed","ping_status":"closed","template":"","meta":{"footnotes":""},"class_list":["post-68","page","type-page","status-publish","hentry"],"_links":{"self":[{"href":"https:\/\/szallashelypecs.hu\/index.php?rest_route=\/wp\/v2\/pages\/68","targetHints":{"allow":["GET"]}}],"collection":[{"href":"https:\/\/szallashelypecs.hu\/index.php?rest_route=\/wp\/v2\/pages"}],"about":[{"href":"https:\/\/szallashelypecs.hu\/index.php?rest_route=\/wp\/v2\/types\/page"}],"author":[{"embeddable":true,"href":"https:\/\/szallashelypecs.hu\/index.php?rest_route=\/wp\/v2\/users\/1"}],"replies":[{"embeddable":true,"href":"https:\/\/szallashelypecs.hu\/index.php?rest_route=%2Fwp%2Fv2%2Fcomments&post=68"}],"version-history":[{"count":44,"href":"https:\/\/szallashelypecs.hu\/index.php?rest_route=\/wp\/v2\/pages\/68\/revisions"}],"predecessor-version":[{"id":122,"href":"https:\/\/szallashelypecs.hu\/index.php?rest_route=\/wp\/v2\/pages\/68\/revisions\/122"}],"wp:attachment":[{"href":"https:\/\/szallashelypecs.hu\/index.php?rest_route=%2Fwp%2Fv2%2Fmedia&parent=68"}],"curies":[{"name":"wp","href":"https:\/\/api.w.org\/{rel}","templated":true}]}}